{"id":1402,"date":"2023-10-15T14:03:34","date_gmt":"2023-10-15T12:03:34","guid":{"rendered":"https:\/\/solene.qodeinteractive.com\/?page_id=1402"},"modified":"2026-04-09T15:19:21","modified_gmt":"2026-04-09T13:19:21","slug":"a-propos","status":"publish","type":"page","link":"https:\/\/sophie-bonheurs.com\/?page_id=1402","title":{"rendered":"A propos"},"content":{"rendered":"\t\t<div data-elementor-type=\"wp-page\" data-elementor-id=\"1402\" class=\"elementor elementor-1402\">\n\t\t\t\t\t\t<section class=\"elementor-section elementor-top-section elementor-element elementor-element-3ecdefc elementor-section-boxed elementor-section-height-default elementor-section-height-default eltdf-parallax-row-no eltdf-content-aligment-left eltdf-elementor-row-grid-no eltdf-disabled-bg-image-bellow-no\" data-id=\"3ecdefc\" data-element_type=\"section\">\n\t\t\t\t\t\t<div class=\"elementor-container elementor-column-gap-default\">\n\t\t\t\t\t<div class=\"elementor-column elementor-col-50 elementor-top-column elementor-element elementor-element-a6defbe\" data-id=\"a6defbe\" data-element_type=\"column\">\n\t\t\t<div class=\"elementor-widget-wrap\">\n\t\t\t\t\t\t\t<\/div>\n\t\t<\/div>\n\t\t\t\t<div class=\"elementor-column elementor-col-50 elementor-top-column elementor-element elementor-element-3d96546\" data-id=\"3d96546\" data-element_type=\"column\">\n\t\t\t<div class=\"elementor-widget-wrap elementor-element-populated\">\n\t\t\t\t\t\t<div class=\"elementor-element elementor-element-4aaf20a elementor-widget elementor-widget-heading\" data-id=\"4aaf20a\" data-element_type=\"widget\" data-widget_type=\"heading.default\">\n\t\t\t\t<div class=\"elementor-widget-container\">\n\t\t\t<style>\/*! elementor - v3.19.0 - 07-02-2024 *\/\n.elementor-heading-title{padding:0;margin:0;line-height:1}.elementor-widget-heading .elementor-heading-title[class*=elementor-size-]>a{color:inherit;font-size:inherit;line-height:inherit}.elementor-widget-heading .elementor-heading-title.elementor-size-small{font-size:15px}.elementor-widget-heading .elementor-heading-title.elementor-size-medium{font-size:19px}.elementor-widget-heading .elementor-heading-title.elementor-size-large{font-size:29px}.elementor-widget-heading .elementor-heading-title.elementor-size-xl{font-size:39px}.elementor-widget-heading .elementor-heading-title.elementor-size-xxl{font-size:59px}<\/style><h1 class=\"elementor-heading-title elementor-size-default\">Photographe d'\u00e9<\/h1>\t\t<\/div>\n\t\t\t\t<\/div>\n\t\t\t\t\t<\/div>\n\t\t<\/div>\n\t\t\t\t\t<\/div>\n\t\t<\/section>\n\t\t\t\t<section class=\"elementor-section elementor-top-section elementor-element elementor-element-f6aec2b elementor-section-boxed elementor-section-height-default elementor-section-height-default eltdf-parallax-row-no eltdf-content-aligment-left eltdf-elementor-row-grid-no eltdf-disabled-bg-image-bellow-no\" data-id=\"f6aec2b\" data-element_type=\"section\">\n\t\t\t\t\t\t<div class=\"elementor-container elementor-column-gap-default\">\n\t\t\t\t\t<div class=\"elementor-column elementor-col-50 elementor-top-column elementor-element elementor-element-bbd5205\" data-id=\"bbd5205\" data-element_type=\"column\">\n\t\t\t<div class=\"elementor-widget-wrap elementor-element-populated\">\n\t\t\t\t\t\t<div class=\"elementor-element elementor-element-1af97b0 elementor-widget elementor-widget-image\" data-id=\"1af97b0\" data-element_type=\"widget\" data-widget_type=\"image.default\">\n\t\t\t\t<div class=\"elementor-widget-container\">\n\t\t\t<style>\/*! elementor - v3.19.0 - 07-02-2024 *\/\n.elementor-widget-image{text-align:center}.elementor-widget-image a{display:inline-block}.elementor-widget-image a img[src$=\".svg\"]{width:48px}.elementor-widget-image img{vertical-align:middle;display:inline-block}<\/style>\t\t\t\t\t\t\t\t\t\t<img fetchpriority=\"high\" decoding=\"async\" width=\"1707\" height=\"2560\" src=\"https:\/\/sophie-bonheurs.com\/wp-content\/uploads\/2026\/02\/SophieHerlemont-Photographe-Toulouse-scaled.jpg\" class=\"attachment-full size-full wp-image-6526\" alt=\"Sophie Herlemont photographe Toulouse\" srcset=\"https:\/\/sophie-bonheurs.com\/wp-content\/uploads\/2026\/02\/SophieHerlemont-Photographe-Toulouse-scaled.jpg 1707w, https:\/\/sophie-bonheurs.com\/wp-content\/uploads\/2026\/02\/SophieHerlemont-Photographe-Toulouse-200x300.jpg 200w, https:\/\/sophie-bonheurs.com\/wp-content\/uploads\/2026\/02\/SophieHerlemont-Photographe-Toulouse-683x1024.jpg 683w, https:\/\/sophie-bonheurs.com\/wp-content\/uploads\/2026\/02\/SophieHerlemont-Photographe-Toulouse-768x1152.jpg 768w, https:\/\/sophie-bonheurs.com\/wp-content\/uploads\/2026\/02\/SophieHerlemont-Photographe-Toulouse-1024x1536.jpg 1024w, https:\/\/sophie-bonheurs.com\/wp-content\/uploads\/2026\/02\/SophieHerlemont-Photographe-Toulouse-1365x2048.jpg 1365w, https:\/\/sophie-bonheurs.com\/wp-content\/uploads\/2026\/02\/SophieHerlemont-Photographe-Toulouse-500x750.jpg 500w, https:\/\/sophie-bonheurs.com\/wp-content\/uploads\/2026\/02\/SophieHerlemont-Photographe-Toulouse-800x1200.jpg 800w, https:\/\/sophie-bonheurs.com\/wp-content\/uploads\/2026\/02\/SophieHerlemont-Photographe-Toulouse-1280x1920.jpg 1280w, https:\/\/sophie-bonheurs.com\/wp-content\/uploads\/2026\/02\/SophieHerlemont-Photographe-Toulouse-1920x2880.jpg 1920w, https:\/\/sophie-bonheurs.com\/wp-content\/uploads\/2026\/02\/SophieHerlemont-Photographe-Toulouse-600x900.jpg 600w\" sizes=\"(max-width: 1707px) 100vw, 1707px\" \/>\t\t\t\t\t\t\t\t\t\t\t\t\t<\/div>\n\t\t\t\t<\/div>\n\t\t\t\t\t<\/div>\n\t\t<\/div>\n\t\t\t\t<div class=\"elementor-column elementor-col-50 elementor-top-column elementor-element elementor-element-56fb884\" data-id=\"56fb884\" data-element_type=\"column\">\n\t\t\t<div class=\"elementor-widget-wrap elementor-element-populated\">\n\t\t\t\t\t\t<div class=\"elementor-element elementor-element-e1ecf33 elementor-widget elementor-widget-heading\" data-id=\"e1ecf33\" data-element_type=\"widget\" data-widget_type=\"heading.default\">\n\t\t\t\t<div class=\"elementor-widget-container\">\n\t\t\t<h3 class=\"elementor-heading-title elementor-size-default\">Photographe de vie, d'amour et d'authenticit\u00e9<\/h3>\t\t<\/div>\n\t\t\t\t<\/div>\n\t\t\t\t<div class=\"elementor-element elementor-element-7c259b7 elementor-widget elementor-widget-text-editor\" data-id=\"7c259b7\" data-element_type=\"widget\" data-widget_type=\"text-editor.default\">\n\t\t\t\t<div class=\"elementor-widget-container\">\n\t\t\t<style>\/*! elementor - v3.19.0 - 07-02-2024 *\/\n.elementor-widget-text-editor.elementor-drop-cap-view-stacked .elementor-drop-cap{background-color:#69727d;color:#fff}.elementor-widget-text-editor.elementor-drop-cap-view-framed .elementor-drop-cap{color:#69727d;border:3px solid;background-color:transparent}.elementor-widget-text-editor:not(.elementor-drop-cap-view-default) .elementor-drop-cap{margin-top:8px}.elementor-widget-text-editor:not(.elementor-drop-cap-view-default) .elementor-drop-cap-letter{width:1em;height:1em}.elementor-widget-text-editor .elementor-drop-cap{float:left;text-align:center;line-height:1;font-size:50px}.elementor-widget-text-editor .elementor-drop-cap-letter{display:inline-block}<\/style>\t\t\t\t<p>Passionn\u00e9e depuis mon plus jeune \u00e2ge par la photographie, j&#8217;ai toujours aim\u00e9 capturer l&#8217;instant pr\u00e9sent. Vous savez, ces moments uniques qui lorsqu&#8217;on les revoit nous replonge dans un doux souvenir. Ces moments qui rendent la vie plus belle et plus intense, que ce soit en famille, entre amis ou en voyage.\u00a0<\/p><p>Que ce soit pour votre mariage ou pour un moment en famille, entre amis ou pour votre entreprise, mon souhait est de vous sublimer au naturel.\u00a0<\/p><p>Ces quelques mots vous touchent ?\u00a0<\/p><p>\u00a0<\/p>\t\t\t\t\t\t<\/div>\n\t\t\t\t<\/div>\n\t\t\t\t<div class=\"elementor-element elementor-element-0daff8f elementor-widget elementor-widget-heading\" data-id=\"0daff8f\" data-element_type=\"widget\" data-widget_type=\"heading.default\">\n\t\t\t\t<div class=\"elementor-widget-container\">\n\t\t\t<h3 class=\"elementor-heading-title elementor-size-default\">contactez-moi et racontez-moi votre histoire<\/h3>\t\t<\/div>\n\t\t\t\t<\/div>\n\t\t\t\t<div class=\"elementor-element elementor-element-0188402 elementor-widget elementor-widget-html\" data-id=\"0188402\" data-element_type=\"widget\" data-widget_type=\"html.default\">\n\t\t\t\t<div class=\"elementor-widget-container\">\n\t\t\t<iframe width=\"100%\" height=\"650\" src=\"https:\/\/www.fotostudio.io\/lead_forms\/10833\" frameborder=\"0\" allowfullscreen><\/iframe>\t\t<\/div>\n\t\t\t\t<\/div>\n\t\t\t\t\t<\/div>\n\t\t<\/div>\n\t\t\t\t\t<\/div>\n\t\t<\/section>\n\t\t\t\t<\/div>\n\t\t","protected":false},"excerpt":{"rendered":"<p>[vc_row][vc_column][vc_column_text] Photographe de vie, d&#8217;amour et d&#8217;authenticit\u00e9 Passionn\u00e9e depuis mon plus jeune \u00e2ge par la photographie, j&#8217;ai toujours aim\u00e9 capturer l&#8217;instant pr\u00e9sent. Vous savez, ces moments uniques qui lorsqu&#8217;on les revoit nous replonge dans un doux souvenir. Ces moments qui rendent la vie plus belle et plus intense, que ce soit en famille, entre amis ou en [&hellip;]<\/p>\n","protected":false},"author":1,"featured_media":0,"parent":0,"menu_order":0,"comment_status":"closed","ping_status":"closed","template":"full-width.php","meta":{"_vp_format_video_url":"","_vp_image_focal_point":[],"footnotes":""},"class_list":["post-1402","page","type-page","status-publish","hentry"],"yoast_head":"<!-- This site is optimized with the Yoast SEO plugin v23.1 - https:\/\/yoast.com\/wordpress\/plugins\/seo\/ -->\n<title>A propos - Les Bonheurs de Sophie<\/title>\n<meta name=\"robots\" content=\"index, follow, max-snippet:-1, max-image-preview:large, max-video-preview:-1\" \/>\n<link rel=\"canonical\" href=\"https:\/\/sophie-bonheurs.com\/?page_id=1402\" \/>\n<meta property=\"og:locale\" content=\"fr_FR\" \/>\n<meta property=\"og:type\" content=\"article\" \/>\n<meta property=\"og:title\" content=\"A propos - Les Bonheurs de Sophie\" \/>\n<meta property=\"og:description\" content=\"[vc_row][vc_column][vc_column_text] Photographe de vie, d&#8217;amour et d&#8217;authenticit\u00e9 Passionn\u00e9e depuis mon plus jeune \u00e2ge par la photographie, j&#8217;ai toujours aim\u00e9 capturer l&#8217;instant pr\u00e9sent. Vous savez, ces moments uniques qui lorsqu&#8217;on les revoit nous replonge dans un doux souvenir. Ces moments qui rendent la vie plus belle et plus intense, que ce soit en famille, entre amis ou en [&hellip;]\" \/>\n<meta property=\"og:url\" content=\"https:\/\/sophie-bonheurs.com\/?page_id=1402\" \/>\n<meta property=\"og:site_name\" content=\"Les Bonheurs de Sophie\" \/>\n<meta property=\"article:modified_time\" content=\"2026-04-09T13:19:21+00:00\" \/>\n<meta property=\"og:image\" content=\"https:\/\/sophie-bonheurs.com\/wp-content\/uploads\/2026\/02\/SophieHerlemont-Photographe-Toulouse-scaled.jpg\" \/>\n<meta name=\"twitter:card\" content=\"summary_large_image\" \/>\n<meta name=\"twitter:label1\" content=\"Dur\u00e9e de lecture estim\u00e9e\" \/>\n\t<meta name=\"twitter:data1\" content=\"1 minute\" \/>\n<script type=\"application\/ld+json\" class=\"yoast-schema-graph\">{\"@context\":\"https:\/\/schema.org\",\"@graph\":[{\"@type\":\"WebPage\",\"@id\":\"https:\/\/sophie-bonheurs.com\/?page_id=1402\",\"url\":\"https:\/\/sophie-bonheurs.com\/?page_id=1402\",\"name\":\"A propos - Les Bonheurs de Sophie\",\"isPartOf\":{\"@id\":\"https:\/\/sophie-bonheurs.com\/#website\"},\"primaryImageOfPage\":{\"@id\":\"https:\/\/sophie-bonheurs.com\/?page_id=1402#primaryimage\"},\"image\":{\"@id\":\"https:\/\/sophie-bonheurs.com\/?page_id=1402#primaryimage\"},\"thumbnailUrl\":\"https:\/\/sophie-bonheurs.com\/wp-content\/uploads\/2026\/02\/SophieHerlemont-Photographe-Toulouse-scaled.jpg\",\"datePublished\":\"2023-10-15T12:03:34+00:00\",\"dateModified\":\"2026-04-09T13:19:21+00:00\",\"breadcrumb\":{\"@id\":\"https:\/\/sophie-bonheurs.com\/?page_id=1402#breadcrumb\"},\"inLanguage\":\"fr-FR\",\"potentialAction\":[{\"@type\":\"ReadAction\",\"target\":[\"https:\/\/sophie-bonheurs.com\/?page_id=1402\"]}]},{\"@type\":\"ImageObject\",\"inLanguage\":\"fr-FR\",\"@id\":\"https:\/\/sophie-bonheurs.com\/?page_id=1402#primaryimage\",\"url\":\"https:\/\/sophie-bonheurs.com\/wp-content\/uploads\/2026\/02\/SophieHerlemont-Photographe-Toulouse-scaled.jpg\",\"contentUrl\":\"https:\/\/sophie-bonheurs.com\/wp-content\/uploads\/2026\/02\/SophieHerlemont-Photographe-Toulouse-scaled.jpg\",\"width\":1707,\"height\":2560,\"caption\":\"Sophie Herlemont photographe Toulouse\"},{\"@type\":\"BreadcrumbList\",\"@id\":\"https:\/\/sophie-bonheurs.com\/?page_id=1402#breadcrumb\",\"itemListElement\":[{\"@type\":\"ListItem\",\"position\":1,\"name\":\"Accueil\",\"item\":\"https:\/\/sophie-bonheurs.com\/\"},{\"@type\":\"ListItem\",\"position\":2,\"name\":\"A propos\"}]},{\"@type\":\"WebSite\",\"@id\":\"https:\/\/sophie-bonheurs.com\/#website\",\"url\":\"https:\/\/sophie-bonheurs.com\/\",\"name\":\"Les Bonheurs de Sophie\",\"description\":\"Photographe de vie, d&#039;amour et d&#039;authenticit\u00e9\",\"potentialAction\":[{\"@type\":\"SearchAction\",\"target\":{\"@type\":\"EntryPoint\",\"urlTemplate\":\"https:\/\/sophie-bonheurs.com\/?s={search_term_string}\"},\"query-input\":\"required name=search_term_string\"}],\"inLanguage\":\"fr-FR\"}]}<\/script>\n<!-- \/ Yoast SEO plugin. -->","yoast_head_json":{"title":"A propos - Les Bonheurs de Sophie","robots":{"index":"index","follow":"follow","max-snippet":"max-snippet:-1","max-image-preview":"max-image-preview:large","max-video-preview":"max-video-preview:-1"},"canonical":"https:\/\/sophie-bonheurs.com\/?page_id=1402","og_locale":"fr_FR","og_type":"article","og_title":"A propos - Les Bonheurs de Sophie","og_description":"[vc_row][vc_column][vc_column_text] Photographe de vie, d&#8217;amour et d&#8217;authenticit\u00e9 Passionn\u00e9e depuis mon plus jeune \u00e2ge par la photographie, j&#8217;ai toujours aim\u00e9 capturer l&#8217;instant pr\u00e9sent. Vous savez, ces moments uniques qui lorsqu&#8217;on les revoit nous replonge dans un doux souvenir. Ces moments qui rendent la vie plus belle et plus intense, que ce soit en famille, entre amis ou en [&hellip;]","og_url":"https:\/\/sophie-bonheurs.com\/?page_id=1402","og_site_name":"Les Bonheurs de Sophie","article_modified_time":"2026-04-09T13:19:21+00:00","og_image":[{"url":"https:\/\/sophie-bonheurs.com\/wp-content\/uploads\/2026\/02\/SophieHerlemont-Photographe-Toulouse-scaled.jpg"}],"twitter_card":"summary_large_image","twitter_misc":{"Dur\u00e9e de lecture estim\u00e9e":"1 minute"},"schema":{"@context":"https:\/\/schema.org","@graph":[{"@type":"WebPage","@id":"https:\/\/sophie-bonheurs.com\/?page_id=1402","url":"https:\/\/sophie-bonheurs.com\/?page_id=1402","name":"A propos - Les Bonheurs de Sophie","isPartOf":{"@id":"https:\/\/sophie-bonheurs.com\/#website"},"primaryImageOfPage":{"@id":"https:\/\/sophie-bonheurs.com\/?page_id=1402#primaryimage"},"image":{"@id":"https:\/\/sophie-bonheurs.com\/?page_id=1402#primaryimage"},"thumbnailUrl":"https:\/\/sophie-bonheurs.com\/wp-content\/uploads\/2026\/02\/SophieHerlemont-Photographe-Toulouse-scaled.jpg","datePublished":"2023-10-15T12:03:34+00:00","dateModified":"2026-04-09T13:19:21+00:00","breadcrumb":{"@id":"https:\/\/sophie-bonheurs.com\/?page_id=1402#breadcrumb"},"inLanguage":"fr-FR","potentialAction":[{"@type":"ReadAction","target":["https:\/\/sophie-bonheurs.com\/?page_id=1402"]}]},{"@type":"ImageObject","inLanguage":"fr-FR","@id":"https:\/\/sophie-bonheurs.com\/?page_id=1402#primaryimage","url":"https:\/\/sophie-bonheurs.com\/wp-content\/uploads\/2026\/02\/SophieHerlemont-Photographe-Toulouse-scaled.jpg","contentUrl":"https:\/\/sophie-bonheurs.com\/wp-content\/uploads\/2026\/02\/SophieHerlemont-Photographe-Toulouse-scaled.jpg","width":1707,"height":2560,"caption":"Sophie Herlemont photographe Toulouse"},{"@type":"BreadcrumbList","@id":"https:\/\/sophie-bonheurs.com\/?page_id=1402#breadcrumb","itemListElement":[{"@type":"ListItem","position":1,"name":"Accueil","item":"https:\/\/sophie-bonheurs.com\/"},{"@type":"ListItem","position":2,"name":"A propos"}]},{"@type":"WebSite","@id":"https:\/\/sophie-bonheurs.com\/#website","url":"https:\/\/sophie-bonheurs.com\/","name":"Les Bonheurs de Sophie","description":"Photographe de vie, d&#039;amour et d&#039;authenticit\u00e9","potentialAction":[{"@type":"SearchAction","target":{"@type":"EntryPoint","urlTemplate":"https:\/\/sophie-bonheurs.com\/?s={search_term_string}"},"query-input":"required name=search_term_string"}],"inLanguage":"fr-FR"}]}},"_links":{"self":[{"href":"https:\/\/sophie-bonheurs.com\/index.php?rest_route=\/wp\/v2\/pages\/1402","targetHints":{"allow":["GET"]}}],"collection":[{"href":"https:\/\/sophie-bonheurs.com\/index.php?rest_route=\/wp\/v2\/pages"}],"about":[{"href":"https:\/\/sophie-bonheurs.com\/index.php?rest_route=\/wp\/v2\/types\/page"}],"author":[{"embeddable":true,"href":"https:\/\/sophie-bonheurs.com\/index.php?rest_route=\/wp\/v2\/users\/1"}],"replies":[{"embeddable":true,"href":"https:\/\/sophie-bonheurs.com\/index.php?rest_route=%2Fwp%2Fv2%2Fcomments&post=1402"}],"version-history":[{"count":43,"href":"https:\/\/sophie-bonheurs.com\/index.php?rest_route=\/wp\/v2\/pages\/1402\/revisions"}],"predecessor-version":[{"id":6598,"href":"https:\/\/sophie-bonheurs.com\/index.php?rest_route=\/wp\/v2\/pages\/1402\/revisions\/6598"}],"wp:attachment":[{"href":"https:\/\/sophie-bonheurs.com\/index.php?rest_route=%2Fwp%2Fv2%2Fmedia&parent=1402"}],"curies":[{"name":"wp","href":"https:\/\/api.w.org\/{rel}","templated":true}]}}